{"id":10,"date":"2025-01-28T21:18:00","date_gmt":"2025-01-28T21:18:00","guid":{"rendered":"https:\/\/schtetlstimmen.kzrme.de\/?page_id=10"},"modified":"2025-06-11T13:05:34","modified_gmt":"2025-06-11T13:05:34","slug":"projekt","status":"publish","type":"page","link":"https:\/\/schtetlstimmen.kzrme.de\/","title":{"rendered":"Das Projekt"},"content":{"rendered":"\t\t<div data-elementor-type=\"wp-page\" data-elementor-id=\"10\" class=\"elementor elementor-10\">\n\t\t\t\t<div class=\"elementor-element elementor-element-14cd6aa e-con-full e-flex e-con e-parent\" data-id=\"14cd6aa\" data-element_type=\"container\" data-e-type=\"container\" data-settings=\"{&quot;background_background&quot;:&quot;classic&quot;}\">\n\t\t\t\t<div class=\"wpkoi-parallax-widget-mm elementor-element elementor-element-8b9bca2 elementor-widget elementor-widget-image\" data-wpkoi-tricks-settings=\"{&quot;parallax&quot;:&quot;true&quot;,&quot;invert&quot;:&quot;false&quot;,&quot;parallaxmm&quot;:&quot;true&quot;,&quot;parallaxmm_hover&quot;:&quot;true&quot;,&quot;parallaxmm_invert&quot;:true,&quot;depth&quot;:{&quot;unit&quot;:&quot;%&quot;,&quot;size&quot;:0.3,&quot;sizes&quot;:[]},&quot;speed&quot;:{&quot;unit&quot;:&quot;%&quot;,&quot;size&quot;:50},&quot;stickyOn&quot;:[&quot;desktop&quot;,&quot;tablet&quot;,&quot;mobile&quot;]}\" data-id=\"8b9bca2\" data-element_type=\"widget\" data-e-type=\"widget\" data-widget_type=\"image.default\">\n\t\t\t\t<div class=\"elementor-widget-container\">\n\t\t\t\t\t\t\t\t\t\t\t\t\t\t\t<img fetchpriority=\"high\" decoding=\"async\" width=\"2560\" height=\"1706\" src=\"https:\/\/schtetlstimmen.kzrme.de\/wp-content\/uploads\/2025\/04\/Musikprojekt_Farbe_grosler__Web_Res-5-scaled.jpg\" class=\"attachment-full size-full wp-image-647\" alt=\"\" srcset=\"https:\/\/schtetlstimmen.kzrme.de\/wp-content\/uploads\/2025\/04\/Musikprojekt_Farbe_grosler__Web_Res-5-scaled.jpg 2560w, https:\/\/schtetlstimmen.kzrme.de\/wp-content\/uploads\/2025\/04\/Musikprojekt_Farbe_grosler__Web_Res-5-300x200.jpg 300w, https:\/\/schtetlstimmen.kzrme.de\/wp-content\/uploads\/2025\/04\/Musikprojekt_Farbe_grosler__Web_Res-5-1024x683.jpg 1024w, https:\/\/schtetlstimmen.kzrme.de\/wp-content\/uploads\/2025\/04\/Musikprojekt_Farbe_grosler__Web_Res-5-768x512.jpg 768w, https:\/\/schtetlstimmen.kzrme.de\/wp-content\/uploads\/2025\/04\/Musikprojekt_Farbe_grosler__Web_Res-5-1536x1024.jpg 1536w, https:\/\/schtetlstimmen.kzrme.de\/wp-content\/uploads\/2025\/04\/Musikprojekt_Farbe_grosler__Web_Res-5-2048x1365.jpg 2048w\" sizes=\"(max-width: 2560px) 100vw, 2560px\" \/>\t\t\t\t\t\t\t\t\t\t\t\t\t\t\t<\/div>\n\t\t\t\t<\/div>\n\t\t\t\t<div class=\"elementor-element elementor-element-41a8a84 elementor-widget elementor-widget-text-editor\" data-id=\"41a8a84\" data-element_type=\"widget\" data-e-type=\"widget\" data-widget_type=\"text-editor.default\">\n\t\t\t\t<div class=\"elementor-widget-container\">\n\t\t\t\t\t\t\t\t\t<p><span style=\"color: #ae9363;\">Sofia Magid (1892-1954) und Moishe Beregowski (1892-1961) sammelten bis 1941 hunderte Tondokumente aus dem alten Galizien, heute \u00fcberwiegend Gebiet der Ukraine. <\/span><span style=\"color: #ae9363;\">Ziel dieser Musikologen war es, die Stimmen und Ges\u00e4nge der j\u00fcdischen Bev\u00f6lkerung zu erforschen und zu erhalten. Offiziell wurde behauptet, man suche nach geeigneten S\u00e4ngerinnen und S\u00e4ngern f\u00fcr die sozialistischen Ch\u00f6re der Zukunft.<\/span><\/p><p><span style=\"color: #ae9363;\">Die T\u00f6ne und sonstigen klanglichen Artefakte wurden auf Wachswalzen aufgenommen, die in St. Petersburg die Zeit des Zweiten Weltkriegs \u00fcberdauert haben.\u00a0<\/span><\/p><p><span style=\"color: #ae9363;\"><a style=\"color: #974845;\" href=\"https:\/\/de.wikipedia.org\/wiki\/Elvira_Gr%C3%B6zinger\" target=\"_blank\" rel=\"noopener\">Elvira Gr\u00f6zinger<\/a> <span style=\"color: #ae9363;\">und Susi Hudak-Lazic haben f\u00fcr das monumentale Werk <a style=\"color: #974845;\" href=\"https:\/\/www.harrassowitz-verlag.de\/dzo\/artikel\/201\/304_201.pdf\" target=\"_blank\" rel=\"noopener\">\u201eUnser Rebbe, unser Stalin \u2026\u201c<\/a> die etwa 400 Tondokumente auf moderne Datentr\u00e4ger \u00fcberspielt, die Ges\u00e4nge notiert, den jiddischen Text herausgeh\u00f6rt und \u00fcbersetzt.<\/span><\/span><\/p><p><span style=\"color: #ae9363;\">Die abenteuerliche Story der Erforschung dieses j\u00fcdischen Lebens in Tondokumenten vor dem Zweiten Weltkrieg ist bis heute einmalig.<\/span><\/p><p><span style=\"color: #ae9363;\">Die Menschen, deren Klang wir heute seltsam genau h\u00f6ren k\u00f6nnen, sind fast alle ermordet worden.<\/span><\/p><p><span style=\"color: #ae9363;\">Wir denken an sie mit eigenen Texten und v\u00f6llig neuer Musik: \u201eimproviso\u201c, ohne Vorhersehung, im Jetzt entstanden, wie gemeinsamer Atem \u2026 und an jedem Konzertabend anders \u2013 unerwartet.\u00a0<\/span><\/p><p><span style=\"color: #ae9363;\">Sie h\u00f6ren sehr viel zu verschiedenen Themenbereichen aus dem Leben der \u201eSchtetl\u201c. Leben, Arbeit, niemand wusste, was kommt \u2026<\/span><\/p><p><span style=\"color: #ae9363;\">Elvira Gr\u00f6zinger wird pers\u00f6nlich von den Begebenheiten der Auffindung und \u00dcberspielung der Tondokumente berichten.<\/span><\/p><p><span style=\"color: #ae9363;\">Die \u201eGerechten unter den V\u00f6lkern\u201c, Else und Bertold Beitz, haben in der Region, in der diese antiken Aufnahmen entstanden sind, damals viele J\u00fcdinnen und Juden gerettet.<\/span><\/p><p><span style=\"color: #ae9363;\">Danke.<br \/><\/span><\/p>\t\t\t\t\t\t\t\t<\/div>\n\t\t\t\t<\/div>\n\t\t<div class=\"elementor-element elementor-element-2859fdf e-con-full e-flex e-con e-child\" data-id=\"2859fdf\" data-element_type=\"container\" data-e-type=\"container\">\n\t\t<div class=\"elementor-element elementor-element-853ec35 e-con-full e-flex e-con e-child\" data-id=\"853ec35\" data-element_type=\"container\" data-e-type=\"container\">\n\t\t\t\t<div class=\"elementor-element elementor-element-a21303f elementor-widget__width-initial elementor-widget elementor-widget-image\" data-id=\"a21303f\" data-element_type=\"widget\" data-e-type=\"widget\" data-widget_type=\"image.default\">\n\t\t\t\t<div class=\"elementor-widget-container\">\n\t\t\t\t\t\t\t\t\t\t\t\t\t\t\t\t<a href=\"https:\/\/www.krupp-stiftung.de\/\" target=\"_blank\">\n\t\t\t\t\t\t\t<img decoding=\"async\" width=\"554\" height=\"291\" src=\"https:\/\/schtetlstimmen.kzrme.de\/wp-content\/uploads\/2025\/05\/KS_Web_RGB_weiss.png\" class=\"attachment-full size-full wp-image-1017\" alt=\"\" srcset=\"https:\/\/schtetlstimmen.kzrme.de\/wp-content\/uploads\/2025\/05\/KS_Web_RGB_weiss.png 554w, https:\/\/schtetlstimmen.kzrme.de\/wp-content\/uploads\/2025\/05\/KS_Web_RGB_weiss-300x158.png 300w\" sizes=\"(max-width: 554px) 100vw, 554px\" \/>\t\t\t\t\t\t\t\t<\/a>\n\t\t\t\t\t\t\t\t\t\t\t\t\t\t\t<\/div>\n\t\t\t\t<\/div>\n\t\t\t\t<div class=\"elementor-element elementor-element-ea921c4 elementor-widget elementor-widget-text-editor\" data-id=\"ea921c4\" data-element_type=\"widget\" data-e-type=\"widget\" data-widget_type=\"text-editor.default\">\n\t\t\t\t<div class=\"elementor-widget-container\">\n\t\t\t\t\t\t\t\t\t<p>Die F\u00f6rderung durch die Alfried Krupp von Bohlen und Halbach-Stiftung macht dieses Projekt m\u00f6glich.<\/p>\t\t\t\t\t\t\t\t<\/div>\n\t\t\t\t<\/div>\n\t\t\t\t<\/div>\n\t\t\t\t<\/div>\n\t\t\t\t<\/div>\n\t\t\t\t<\/div>\n\t\t","protected":false},"excerpt":{"rendered":"<p>Sofia Magid (1892-1954) und Moishe Beregowski (1892-1961) sammelten bis 1941 hunderte Tondokumente aus dem alten Galizien, heute \u00fcberwiegend Gebiet der Ukraine. Ziel dieser Musikologen war es, die Stimmen und Ges\u00e4nge der j\u00fcdischen Bev\u00f6lkerung zu erforschen und zu erhalten. Offiziell wurde behauptet, man suche nach geeigneten S\u00e4ngerinnen und S\u00e4ngern f\u00fcr die sozialistischen Ch\u00f6re der Zukunft. Die [&hellip;]<\/p>\n","protected":false},"author":1,"featured_media":0,"parent":0,"menu_order":0,"comment_status":"closed","ping_status":"closed","template":"","meta":{"footnotes":""},"class_list":["post-10","page","type-page","status-publish"],"_links":{"self":[{"href":"https:\/\/schtetlstimmen.kzrme.de\/index.php\/wp-json\/wp\/v2\/page\/10","targetHints":{"allow":["GET"]}}],"collection":[{"href":"https:\/\/schtetlstimmen.kzrme.de\/index.php\/wp-json\/wp\/v2\/page"}],"about":[{"href":"https:\/\/schtetlstimmen.kzrme.de\/index.php\/wp-json\/wp\/v2\/types\/page"}],"author":[{"embeddable":true,"href":"https:\/\/schtetlstimmen.kzrme.de\/index.php\/wp-json\/wp\/v2\/users\/1"}],"replies":[{"embeddable":true,"href":"https:\/\/schtetlstimmen.kzrme.de\/index.php\/wp-json\/wp\/v2\/comments?post=10"}],"version-history":[{"count":149,"href":"https:\/\/schtetlstimmen.kzrme.de\/index.php\/wp-json\/wp\/v2\/page\/10\/revisions"}],"predecessor-version":[{"id":1169,"href":"https:\/\/schtetlstimmen.kzrme.de\/index.php\/wp-json\/wp\/v2\/page\/10\/revisions\/1169"}],"wp:attachment":[{"href":"https:\/\/schtetlstimmen.kzrme.de\/index.php\/wp-json\/wp\/v2\/media?parent=10"}],"curies":[{"name":"wp","href":"https:\/\/api.w.org\/{rel}","templated":true}]}}